{"id":16281,"date":"2016-09-20T21:43:11","date_gmt":"2016-09-20T21:43:11","guid":{"rendered":"http:\/\/www.mercatolorenteggio.it\/?page_id=16281"},"modified":"2019-07-23T14:02:32","modified_gmt":"2019-07-23T14:02:32","slug":"scic2018","status":"publish","type":"page","link":"https:\/\/laboratoriodiquartieregiambellinolorenteggio.org\/index.php\/scic2018\/","title":{"rendered":"SCENDI C&#8217;\u00c8 il CINEMA 2018"},"content":{"rendered":"<div class=\"wpb-content-wrapper\"><p>[vc_row type=&#8221;grid&#8221; css=&#8221;.vc_custom_1498231848872{background: #ffffff url(http:\/\/laboratoriodiquartieregiambellinolorenteggio.org\/wp-content\/uploads\/2015\/10\/pattern_WEB.png?id=15596) !important;}&#8221;][vc_column][vc_separator type=&#8221;transparent&#8221; up=&#8221;50&#8243; down=&#8221;12&#8243; css=&#8221;.vc_custom_1474460178781{background: #ffffff url(http:\/\/www.mercatolorenteggio.it\/wp-content\/uploads\/2015\/10\/pattern_WEB_20.png?id=15597) !important;}&#8221;][vc_column_text]<\/p>\n<h1 style=\"text-align: center;\">IL CINEMA NEI CORTILI POPOLARI<\/h1>\n<h1 style=\"text-align: center;\"><\/h1>\n<h1 style=\"text-align: center;\"><em>Succede al Giambellino<\/em><\/h1>\n<p>[\/vc_column_text][vc_separator type=&#8221;small&#8221; color=&#8221;#333333&#8243; thickness=&#8221;3&#8243; up=&#8221;21&#8243; down=&#8221;30&#8243;][vc_column_text]<\/p>\n<div class=\"wpb_text_column wpb_content_element \">\n<div class=\"wpb_wrapper\">\n<h2 style=\"text-align: center;\">\u2018Scendi c&#8217;\u00e8 il Cinema\u2019 \u00e8 un cinema all&#8217;aperto ma soprattutto un percorso di partecipazione: sono le case popolari e i suoi abitanti che si aprono alla citt\u00e0 e mostrano tutta la ricchezza e la forza che hanno i quartieri di periferia.<\/h2>\n<\/div>\n<\/div>\n<p>[\/vc_column_text][vc_separator type=&#8221;transparent&#8221; up=&#8221;100&#8243; down=&#8221;12&#8243;][vc_row_inner][vc_column_inner width=&#8221;1\/4&#8243;]<div class=\"q_box_holder with_icon\" style=\"border-color: rgba(0,0,0,0.01);\"><div class=\"box_holder_icon\"><div class=\"box_holder_icon_inner small  \" style=\"\"><span class=\"qode_iwt_icon_holder q_font_awsome_icon fa-2x  \"><i class=\"qode_icon_font_awesome fa fa-play qode_iwt_icon_element\" style=\"color: #4e4e4e\"><\/i><\/span><\/div><\/div><div class=\"box_holder_inner small center\"><h3 class=\"icon_title\" style=\"\">CINEMA<\/h3><span class=\"separator transparent\" style=\"margin: 8px 0;\"><\/span><p style=\"\">Un cinema pubblico, aperto, gratuito, sociale. Una selezione di Film, scelti da un quartiere, per ragionare insieme sul nostro futuro.<\/p><\/div><\/div>[\/vc_column_inner][vc_column_inner width=&#8221;1\/4&#8243;]<div class=\"q_box_holder with_icon\" style=\"border-color: rgba(0,0,0,0.01);\"><div class=\"box_holder_icon\"><div class=\"box_holder_icon_inner small  \" style=\"\"><span class=\"qode_iwt_icon_holder q_font_awsome_icon fa-2x  \"><i class=\"qode_icon_font_awesome fa fa-circle-o qode_iwt_icon_element\" style=\"color: #4e4e4e\"><\/i><\/span><\/div><\/div><div class=\"box_holder_inner small center\"><h3 class=\"icon_title\" style=\"\">COMUNIT\u00c1<\/h3><span class=\"separator transparent\" style=\"margin: 8px 0;\"><\/span><p style=\"\">Un cinema che \u00e8 comunit\u00e0. Non troverete cuffiette e biglietto di ingresso, ma un quartiere da conoscere e per conoscersi. <\/p><\/div><\/div>[\/vc_column_inner][vc_column_inner width=&#8221;1\/4&#8243;]<div class=\"q_box_holder with_icon\" style=\"border-color: rgba(0,0,0,0.01);\"><div class=\"box_holder_icon\"><div class=\"box_holder_icon_inner small  \" style=\"\"><span class=\"qode_iwt_icon_holder q_font_awsome_icon fa-2x  \"><i class=\"qode_icon_font_awesome fa fa-puzzle-piece qode_iwt_icon_element\" style=\"color: #4e4e4e\"><\/i><\/span><\/div><\/div><div class=\"box_holder_inner small center\"><h3 class=\"icon_title\" style=\"\">PARTECIPAZIONE<\/h3><span class=\"separator transparent\" style=\"margin: 8px 0;\"><\/span><p style=\"\">Un cinema partecipato. Ci vedi all\u2019ingresso, dietro lo schermo, al proiettore. Siamo un gruppo di abitanti del quartiere e volontari, a cui puoi unirti anche tu.<\/p><\/div><\/div>[\/vc_column_inner][vc_column_inner width=&#8221;1\/4&#8243;]<div class=\"q_box_holder with_icon\" style=\"border-color: rgba(0,0,0,0.01);\"><div class=\"box_holder_icon\"><div class=\"box_holder_icon_inner small  \" style=\"\"><span class=\"qode_iwt_icon_holder q_font_awsome_icon fa-2x  \"><i class=\"qode_icon_font_awesome fa fa-home qode_iwt_icon_element\" style=\"color: #4e4e4e\"><\/i><\/span><\/div><\/div><div class=\"box_holder_inner small center\"><h3 class=\"icon_title\" style=\"\">LABORATORIO DI QUARTIRE<\/h3><span class=\"separator transparent\" style=\"margin: 8px 0;\"><\/span><p style=\"\">Un cinema di quartiere. Il progetto scendi c\u2019\u00e8 il cinema nasce dall\u2019esperienza dei volontari dell\u2019associazione Laboratorio di Quartiere Giambellino Lorenteggio.<\/p><\/div><\/div>[\/vc_column_inner][\/vc_row_inner][\/vc_column][\/vc_row][vc_row type=&#8221;grid&#8221; anchor=&#8221;il_mercato&#8221; text_align=&#8221;center&#8221; background_color=&#8221;#164ee5&#8243; padding_top=&#8221;79&#8243; css=&#8221;.vc_custom_1529168790291{background: #e24670 url(http:\/\/www.mercatolorenteggio.it\/wp-content\/uploads\/2015\/10\/pattern_WEB_20.png?id=15597) !important;}&#8221;][vc_column][vc_column_text]<\/p>\n<h1 style=\"text-align: center;\"><span style=\"color: #ffffff;\">IL CINEMA NEI CORTILI POPOLARE<\/span><\/h1>\n<h1 style=\"text-align: center;\"><\/h1>\n<h1 style=\"text-align: center;\"><span style=\"color: #ffffff;\"><em>Succede al Giambellino&#8230;<\/em><\/span><\/h1>\n<p>[\/vc_column_text][vc_separator type=&#8221;small&#8221; color=&#8221;#ffffff&#8221; thickness=&#8221;3&#8243; up=&#8221;21&#8243; down=&#8221;30&#8243;][vc_column_text]<\/p>\n<h2 style=\"text-align: center;\"><span style=\"color: #ffffff;\">Per guardare lo schermo cinematografico si alza la testa. Per questo il cinema durer\u00e0 e sar\u00e0 sempre necessario, perch\u00e9 bisogna alzare la testa. <em>Jean-Luc Godard<\/em><\/span><\/h2>\n<p>[\/vc_column_text][vc_separator type=&#8221;transparent&#8221; up=&#8221;100&#8243; down=&#8221;12&#8243;][qode_circles columns=&#8221;four_columns&#8221;][qode_circle type=&#8221;image_type&#8221; title=&#8221;Laboratorio di Quartiere&#8221; text=&#8221;Organizzato dal Laboratorio di Quartiere Giambellino Lorenteggio. Un&#8217;esperienza di partecipazione e inclusione territoriale.&#8221; border_color=&#8221;#ffffff&#8221; background_color=&#8221;#f7f7f7&#8243; image=&#8221;15971&#8243; text_color=&#8221;#f7f7f7&#8243; link=&#8221;https:\/\/www.facebook.com\/LaboratoriodiQuartiereGiambellinoLorenteggio\/&#8221; title_color=&#8221;#ffffff&#8221;][qode_circle type=&#8221;image_type&#8221; title=&#8221;Fondazione Cariplo&#8221; text=&#8221;Con il patrocinio e il sostegno di Fondazione Cariplo&#8221; border_color=&#8221;#ffffff&#8221; background_color=&#8221;#f7f7f7&#8243; image=&#8221;16688&#8243; text_color=&#8221;#f7f7f7&#8243; link=&#8221;http:\/\/www.fondazionecariplo.it\/it\/index.html&#8221; title_color=&#8221;#ffffff&#8221;][qode_circle type=&#8221;image_type&#8221; title=&#8221;Municipio 6 &#8211; Milano&#8221; text=&#8221;Con il sostegno di Municipio 6 &#8211; Comune di Milano&#8221; border_color=&#8221;#ffffff&#8221; background_color=&#8221;#f7f7f7&#8243; image=&#8221;16625&#8243; text_color=&#8221;#f7f7f7&#8243; link=&#8221;www.comunemilano.it&#8221; title_color=&#8221;#ffffff&#8221;][qode_circle type=&#8221;image_type&#8221; title=&#8221;Scendi, c&#8217;\u00e8 il cinema!&#8221; text=&#8221;Tutto questo \u00e8 Scendi, c&#8217;\u00e8 il cinema! 2018&#8243; border_color=&#8221;#ffffff&#8221; background_color=&#8221;#f7f7f7&#8243; image=&#8221;16627&#8243; title_color=&#8221;#ffffff&#8221; text_color=&#8221;#f7f7f7&#8243; link=&#8221;www.scendiceilcinema.it&#8221;][\/qode_circles][vc_separator type=&#8221;transparent&#8221; up=&#8221;100&#8243; down=&#8221;12&#8243;][\/vc_column][\/vc_row][vc_row type=&#8221;grid&#8221; css=&#8221;.vc_custom_1529160070698{background: #eaeaea url(http:\/\/www.mercatolorenteggio.it\/wp-content\/uploads\/2015\/10\/pattern_WEB_20.png?id=15597) !important;}&#8221;][vc_column][vc_separator type=&#8221;transparent&#8221; up=&#8221;10&#8243; down=&#8221;10&#8243;][vc_separator type=&#8221;transparent&#8221; up=&#8221;50&#8243; down=&#8221;12&#8243; css=&#8221;.vc_custom_1474460178781{background: #ffffff url(http:\/\/www.mercatolorenteggio.it\/wp-content\/uploads\/2015\/10\/pattern_WEB_20.png?id=15597) !important;}&#8221;][vc_column_text]<\/p>\n<h1 style=\"text-align: center;\">IL PROGRAMMA 2018<\/h1>\n<p>[\/vc_column_text][vc_separator type=&#8221;small&#8221; color=&#8221;#333333&#8243; thickness=&#8221;3&#8243; up=&#8221;21&#8243; down=&#8221;30&#8243;][vc_column_text]<\/p>\n<div class=\"wpb_text_column wpb_content_element \">\n<div class=\"wpb_wrapper\">\n<h2 style=\"text-align: center;\">Scopri il programma di <em>Scendi c&#8217;\u00e8 il cinema\u00a0<\/em>e partecipa alla rassegna<\/h2>\n<\/div>\n<\/div>\n<p>[\/vc_column_text][vc_separator type=&#8221;transparent&#8221; up=&#8221;50&#8243; down=&#8221;12&#8243; css=&#8221;.vc_custom_1474460178781{background: #ffffff url(http:\/\/www.mercatolorenteggio.it\/wp-content\/uploads\/2015\/10\/pattern_WEB_20.png?id=15597) !important;}&#8221;]<div class='cover_boxes' data-active-element='1'><ul class='clearfix'><li><div class='box'><a itemprop='url' class='thumb' href='https:\/\/www.youtube.com\/watch?v=dsnTD6Tiz5w' target='_self'><img itemprop='image' alt='Easy - un viaggio facile facile' src='https:\/\/laboratoriodiquartieregiambellinolorenteggio.org\/wp-content\/uploads\/2018\/06\/IMGFILM-01.png' \/><\/a><div class='box_content'><h3>Easy - un viaggio facile facile<\/h3><p>22 GIUGNO | Lab di Quartiere Giambellino Lorenteggio \u2013 via Odazio 7 <\/p><a itemprop='url' class='qbutton tiny' href='https:\/\/www.youtube.com\/watch?v=dsnTD6Tiz5w' target='_self'>Scopri di pi\u00f9<\/a><\/div><\/div><\/li><li><div class='box'><a itemprop='url' class='thumb' href='https:\/\/www.youtube.com\/watch?v=9lu8LhW6KOs' target='_self'><img itemprop='image' alt='Cinquanta Primavere' src='https:\/\/laboratoriodiquartieregiambellinolorenteggio.org\/wp-content\/uploads\/2018\/06\/IMGFILM-02.png' \/><\/a><div class='box_content'><h3>Cinquanta Primavere<\/h3><p>23 GIUGNO | Cortile Giambellino 146 - Giambellino <\/p><a itemprop='url' class='qbutton tiny' href='https:\/\/www.youtube.com\/watch?v=9lu8LhW6KOs' target='_self'>Scopri di pi\u00f9<\/a><\/div><\/div><\/li><li><div class='box'><a itemprop='url' class='thumb' href='https:\/\/www.youtube.com\/watch?v=hSxEGQM8J6s' target='_self'><img itemprop='image' alt='Tre manifesti ad Ebbing Missouri' src='https:\/\/laboratoriodiquartieregiambellinolorenteggio.org\/wp-content\/uploads\/2018\/06\/IMGFILM-03.png' \/><\/a><div class='box_content'><h3>Tre manifesti ad Ebbing Missouri<\/h3><p>29 GIUGNO | Biblioteca Lorenteggio \u2013 via Odazio 9<\/p><a itemprop='url' class='qbutton tiny' href='https:\/\/www.youtube.com\/watch?v=hSxEGQM8J6s' target='_self'>Scopri di pi\u00f9<\/a><\/div><\/div><\/li><\/ul><\/div>[vc_separator type=&#8221;transparent&#8221; up=&#8221;10&#8243; down=&#8221;12&#8243;]<div class='cover_boxes' data-active-element='1'><ul class='clearfix'><li><div class='box'><a itemprop='url' class='thumb' href='https:\/\/www.youtube.com\/watch?v=r5NOJjvsW4Q' target='_self'><img itemprop='image' alt='Libere disobbedienti innamorate - In Between' src='https:\/\/laboratoriodiquartieregiambellinolorenteggio.org\/wp-content\/uploads\/2018\/06\/IMGFILM-04.png' \/><\/a><div class='box_content'><h3>Libere disobbedienti innamorate - In Between<\/h3><p>30 GIUGNO | Cortile di Odazio 8 - Giambellino<\/p><a itemprop='url' class='qbutton tiny' href='https:\/\/www.youtube.com\/watch?v=r5NOJjvsW4Q' target='_self'>Scopri di pi\u00f9<\/a><\/div><\/div><\/li><li><div class='box'><a itemprop='url' class='thumb' href='https:\/\/www.youtube.com\/watch?v=zL30rjspw9U' target='_self'><img itemprop='image' alt='Scusate se esisto' src='https:\/\/laboratoriodiquartieregiambellinolorenteggio.org\/wp-content\/uploads\/2018\/06\/IMGFILM-05.png' \/><\/a><div class='box_content'><h3>Scusate se esisto<\/h3><p>6 LUGLIO | Cortile Apuli 5 - Giambellino<\/p><a itemprop='url' class='qbutton tiny' href='https:\/\/www.youtube.com\/watch?v=zL30rjspw9U' target='_self'>Scopri di pi\u00f9<\/a><\/div><\/div><\/li><li><div class='box'><a itemprop='url' class='thumb' href='https:\/\/www.youtube.com\/watch?v=f3FtbFCySnc' target='_self'><img itemprop='image' alt='Wajib - Invito al matrimonio' src='https:\/\/laboratoriodiquartieregiambellinolorenteggio.org\/wp-content\/uploads\/2018\/06\/Screen-Shot-2018-06-20-at-00.34.39.png' \/><\/a><div class='box_content'><h3>Wajib - Invito al matrimonio<\/h3><p>7 LUGLIO | Mercato Lorenteggio \u2013 Lorenteggio 177<\/p><a itemprop='url' class='qbutton tiny' href='https:\/\/www.youtube.com\/watch?v=f3FtbFCySnc' target='_self'>Scopri di pi\u00f9<\/a><\/div><\/div><\/li><\/ul><\/div>[vc_separator type=&#8221;transparent&#8221; up=&#8221;10&#8243; down=&#8221;12&#8243;]<div class='cover_boxes' data-active-element='1'><ul class='clearfix'><li><div class='box'><a itemprop='url' class='thumb' href='https:\/\/www.youtube.com\/watch?v=YY19le6wRCU' target='_self'><img itemprop='image' alt='Un sogno chiamato Florida' src='https:\/\/laboratoriodiquartieregiambellinolorenteggio.org\/wp-content\/uploads\/2018\/06\/IMGFILM-09.png' \/><\/a><div class='box_content'><h3>Un sogno chiamato Florida<\/h3><p>13 LUGLIO | Cortile di via Lorenteggio 179 - Giambellino<\/p><a itemprop='url' class='qbutton tiny' href='https:\/\/www.youtube.com\/watch?v=YY19le6wRCU' target='_self'>Scopri di pi\u00f9<\/a><\/div><\/div><\/li><li><div class='box'><a itemprop='url' class='thumb' href='https:\/\/www.youtube.com\/watch?v=R1l4Hpp27A4' target='_self'><img itemprop='image' alt='A Ciambra' src='https:\/\/laboratoriodiquartieregiambellinolorenteggio.org\/wp-content\/uploads\/2018\/06\/IMGFILM-08.png' \/><\/a><div class='box_content'><h3>A Ciambra<\/h3><p>14 LUGLIO | Cortile di via Apuli 2 - Giambellino<\/p><a itemprop='url' class='qbutton tiny' href='https:\/\/www.youtube.com\/watch?v=R1l4Hpp27A4' target='_self'>Scopri di pi\u00f9<\/a><\/div><\/div><\/li><li><div class='box'><a itemprop='url' class='thumb' href='https:\/\/www.youtube.com\/watch?v=w5N4TRTKE30' target='_self'><img itemprop='image' alt='Oceania' src='https:\/\/laboratoriodiquartieregiambellinolorenteggio.org\/wp-content\/uploads\/2018\/06\/Screen-Shot-2018-06-20-at-00.38.41.png' \/><\/a><div class='box_content'><h3>Oceania<\/h3><p>20 LUGLIO | Cortile di via Segneri 3 - Giambellino<\/p><a itemprop='url' class='qbutton tiny' href='https:\/\/www.youtube.com\/watch?v=w5N4TRTKE30' target='_self'>Scopri di pi\u00f9<\/a><\/div><\/div><\/li><\/ul><\/div>[vc_separator type=&#8221;transparent&#8221; up=&#8221;10&#8243; down=&#8221;12&#8243;]<div class='cover_boxes' data-active-element='1'><ul class='clearfix'><li><div class='box'><a itemprop='url' class='thumb' href='https:\/\/www.youtube.com\/watch?v=IdpqEuIw8kA' target='_self'><img itemprop='image' alt='Non essere cattivo' src='https:\/\/laboratoriodiquartieregiambellinolorenteggio.org\/wp-content\/uploads\/2018\/06\/IMGFILM-10.png' \/><\/a><div class='box_content'><h3>Non essere cattivo<\/h3><p>21 LUGLIO | Laboratorio di Quartiere Giambellino Lorenteggio - via Odazio 7<\/p><a itemprop='url' class='qbutton tiny' href='https:\/\/www.youtube.com\/watch?v=IdpqEuIw8kA' target='_self'>Scopri di pi\u00f9<\/a><\/div><\/div><\/li><li><div class='box'><a itemprop='url' class='thumb' href='' target='_self'><img itemprop='image' alt='' src='' \/><\/a><div class='box_content'><h3><\/h3><p><\/p><\/div><\/div><\/li><li><div class='box'><a itemprop='url' class='thumb' href='' target='_self'><img itemprop='image' alt='' src='' \/><\/a><div class='box_content'><h3><\/h3><p><\/p><\/div><\/div><\/li><\/ul><\/div>[vc_separator type=&#8221;transparent&#8221; up=&#8221;100&#8243; down=&#8221;12&#8243;][\/vc_column][\/vc_row][vc_row type=&#8221;grid&#8221; anchor=&#8221;il_mercato&#8221; text_align=&#8221;center&#8221; background_color=&#8221;#73bbce&#8221; padding_top=&#8221;79&#8243; css=&#8221;.vc_custom_1474635750628{background-image: url(http:\/\/www.mercatolorenteggio.it\/wp-content\/uploads\/2015\/10\/pattern_WEB_20.png?id=15597) !important;}&#8221;][vc_column][vc_column_text]<\/p>\n<h1 style=\"text-align: center;\"><span style=\"color: #ffffff;\"><span style=\"font-weight: 400;\">LA LOCANDINA!<\/span><\/span><\/h1>\n<p>[\/vc_column_text][vc_separator type=&#8221;transparent&#8221; thickness=&#8221;30&#8243;][vc_single_image image=&#8221;16694&#8243; img_size=&#8221;full&#8221; alignment=&#8221;center&#8221; onclick=&#8221;img_link_large&#8221;][vc_separator type=&#8221;transparent&#8221;][vc_separator type=&#8221;transparent&#8221; thickness=&#8221;30&#8243;][\/vc_column][\/vc_row][vc_row background_image=&#8221;15597&#8243;][vc_column][vc_separator type=&#8221;transparent&#8221; up=&#8221;30&#8243; down=&#8221;30&#8243;][vc_single_image image=&#8221;16388&#8243; img_size=&#8221;large&#8221; alignment=&#8221;center&#8221; onclick=&#8221;custom_link&#8221; img_link_target=&#8221;_blank&#8221; title=&#8221;IL QUARTIERE GIAMBELLINO&#8221; link=&#8221;https:\/\/www.facebook.com\/LaboratoriodiQuartiereGiambellinoLorenteggio\/&#8221;][\/vc_column][\/vc_row][vc_row css=&#8221;.vc_custom_1525079712740{background-color: #e24670 !important;}&#8221;][vc_column][vc_separator type=&#8221;small&#8221; color=&#8221;#ffffff&#8221; thickness=&#8221;1&#8243; up=&#8221;21&#8243; down=&#8221;78&#8243;][vc_column_text]<\/p>\n<h2 style=\"text-align: center;\"><span style=\"color: #ffffff;\">CONTATTI<\/span><\/h2>\n<p>[\/vc_column_text][vc_separator type=&#8221;transparent&#8221; up=&#8221;50&#8243;][vc_row_inner][vc_column_inner width=&#8221;1\/3&#8243;]<div class=\"q_box_holder with_icon\" style=\"border-color: rgba(0,0,0,0.01);\"><div class=\"box_holder_icon\"><div class=\"box_holder_icon_inner medium  \" style=\"\"><span class=\"qode_iwt_icon_holder q_font_awsome_icon fa-3x  \"><i class=\"qode_icon_font_awesome fa fa-map-marker qode_iwt_icon_element\" style=\"color: #ffffff\"><\/i><\/span><\/div><\/div><div class=\"box_holder_inner medium center\"><h5 class=\"icon_title\" style=\"\"><\/h5><span class=\"separator transparent\" style=\"margin: 8px 0;\"><\/span><p style=\"color: #ffffff\">Via Odazio 7, Milano<\/p><\/div><\/div>[vc_separator type=&#8221;transparent&#8221; up=&#8221;99&#8243; down=&#8221;0&#8243;][\/vc_column_inner][vc_column_inner width=&#8221;1\/3&#8243;]<div class=\"q_box_holder with_icon\" style=\"border-color: rgba(0,0,0,0.01);\"><div class=\"box_holder_icon\"><div class=\"box_holder_icon_inner medium  \" style=\"\"><span class=\"qode_iwt_icon_holder q_font_awsome_icon fa-3x  \"><i class=\"qode_icon_font_awesome fa fa-phone qode_iwt_icon_element\" style=\"color: #ffffff\"><\/i><\/span><\/div><\/div><div class=\"box_holder_inner medium center\"><h5 class=\"icon_title\" style=\"\"><\/h5><span class=\"separator transparent\" style=\"margin: 8px 0;\"><\/span><p style=\"color: #ffffff\">+39 3202651954<\/p><\/div><\/div>[vc_separator type=&#8221;transparent&#8221; up=&#8221;99&#8243; down=&#8221;0&#8243;][\/vc_column_inner][vc_column_inner width=&#8221;1\/3&#8243;]<div class=\"q_box_holder with_icon\" style=\"border-color: rgba(0,0,0,0.01);\"><div class=\"box_holder_icon\"><div class=\"box_holder_icon_inner medium  \" style=\"\"><span class=\"qode_iwt_icon_holder q_font_awsome_icon fa-3x  \"><i class=\"qode_icon_font_awesome fa fa-envelope-o qode_iwt_icon_element\" style=\"color: #ffffff\"><\/i><\/span><\/div><\/div><div class=\"box_holder_inner medium center\"><h5 class=\"icon_title\" style=\"\"><\/h5><span class=\"separator transparent\" style=\"margin: 8px 0;\"><\/span><p style=\"color: #ffffff\">giambellinolorenteggio@gmail.com<\/p><\/div><\/div>[vc_separator type=&#8221;transparent&#8221; up=&#8221;99&#8243; down=&#8221;0&#8243;][\/vc_column_inner][\/vc_row_inner][\/vc_column][\/vc_row]<\/p>\n<\/div>","protected":false},"excerpt":{"rendered":"<p>[vc_row type=&#8221;grid&#8221; css=&#8221;.vc_custom_1498231848872{background: #ffffff url(http:\/\/laboratoriodiquartieregiambellinolorenteggio.org\/wp-content\/uploads\/2015\/10\/pattern_WEB.png?id=15596) !important;}&#8221;][vc_column][vc_separator type=&#8221;transparent&#8221; up=&#8221;50&#8243; down=&#8221;12&#8243; css=&#8221;.vc_custom_1474460178781{background: #ffffff url(http:\/\/www.mercatolorenteggio.it\/wp-content\/uploads\/2015\/10\/pattern_WEB_20.png?id=15597) !important;}&#8221;][vc_column_text] IL CINEMA NEI CORTILI POPOLARI Succede al Giambellino [\/vc_column_text][vc_separator type=&#8221;small&#8221; color=&#8221;#333333&#8243; thickness=&#8221;3&#8243; up=&#8221;21&#8243; down=&#8221;30&#8243;][vc_column_text] \u2018Scendi c&#8217;\u00e8 il Cinema\u2019 \u00e8 un cinema all&#8217;aperto ma soprattutto un percorso di partecipazione: sono le case popolari&#8230;<\/p>\n","protected":false},"author":2,"featured_media":0,"parent":0,"menu_order":0,"comment_status":"open","ping_status":"open","template":"full_width.php","meta":{"footnotes":""},"class_list":["post-16281","page","type-page","status-publish","hentry"],"_links":{"self":[{"href":"https:\/\/laboratoriodiquartieregiambellinolorenteggio.org\/index.php\/wp-json\/wp\/v2\/pages\/16281","targetHints":{"allow":["GET"]}}],"collection":[{"href":"https:\/\/laboratoriodiquartieregiambellinolorenteggio.org\/index.php\/wp-json\/wp\/v2\/pages"}],"about":[{"href":"https:\/\/laboratoriodiquartieregiambellinolorenteggio.org\/index.php\/wp-json\/wp\/v2\/types\/page"}],"author":[{"embeddable":true,"href":"https:\/\/laboratoriodiquartieregiambellinolorenteggio.org\/index.php\/wp-json\/wp\/v2\/users\/2"}],"replies":[{"embeddable":true,"href":"https:\/\/laboratoriodiquartieregiambellinolorenteggio.org\/index.php\/wp-json\/wp\/v2\/comments?post=16281"}],"version-history":[{"count":71,"href":"https:\/\/laboratoriodiquartieregiambellinolorenteggio.org\/index.php\/wp-json\/wp\/v2\/pages\/16281\/revisions"}],"predecessor-version":[{"id":16740,"href":"https:\/\/laboratoriodiquartieregiambellinolorenteggio.org\/index.php\/wp-json\/wp\/v2\/pages\/16281\/revisions\/16740"}],"wp:attachment":[{"href":"https:\/\/laboratoriodiquartieregiambellinolorenteggio.org\/index.php\/wp-json\/wp\/v2\/media?parent=16281"}],"curies":[{"name":"wp","href":"https:\/\/api.w.org\/{rel}","templated":true}]}}